{"id":17,"date":"2019-01-24T02:45:51","date_gmt":"2019-01-24T02:45:51","guid":{"rendered":"http:\/\/dronefriendly.com.br\/v01\/?page_id=17"},"modified":"2022-02-24T01:04:56","modified_gmt":"2022-02-24T04:04:56","slug":"pagina-inicial","status":"publish","type":"page","link":"https:\/\/dronefriendly.com.br\/v01\/pagina-inicial\/","title":{"rendered":"Bem vindos ao Guia Drone Friendly!"},"content":{"rendered":"\n<h2 class=\"has-vivid-cyan-blue-color has-text-color wp-block-heading\" id=\"drone-friendly-infelizmente-vai-acabar\">Drone Friendly (felizmente) n\u00e3o vai acabar.<\/h2>\n\n\n\n<p><\/p>\n\n\n\n<p class=\"has-vivid-cyan-blue-color has-text-color\">Bem amigos,<\/p>\n\n\n\n<p class=\"has-vivid-cyan-blue-color has-text-color\">Conversando com algumas pessoas que acreditam neste projeto, provavelmente o mapeamento de locais &#8220;friendly&#8221; voltar\u00e1, afinal, existem praias lindas, campos e montanhas com visual de tirar o f\u00f4lego e jogar todas essas colabora\u00e7\u00f5es para o lixo sem antes fazer uma an\u00e1lise, seria uma falta de respeito a todos esses amigos que a vida vai trazendo para o nosso caminho: S\u00e3o voc\u00eas que fazem esse site e por causa disso, prometo em breve colocar o mapa no ar, por ora ser\u00e1 feita uma simula\u00e7\u00e3o criteriosa de cada local, um por um, no sistema ASA que o DECEA disponibilizou para esse fim: se estiver Ok, continuar\u00e1 publicado.<\/p>\n\n\n\n<p class=\"has-vivid-cyan-blue-color has-text-color\">Divulgar locais amig\u00e1veis para que mais pessoas possam voar com seu drone recreativamente, respeitando as leis e regulamenta\u00e7\u00f5es de utliza\u00e7\u00e3o do espa\u00e7o a\u00e9reo brasileiro sempre foi prioridade e provavelmente alguns lugares deixar\u00e3o de estar publicados (ficar\u00e3o registrados, por\u00e9m, em stand by) ent\u00e3o, nessas situa\u00e7\u00f5es pe\u00e7o para quem colaborou que fa\u00e7a uma simula\u00e7\u00e3o para voo recreativo, se liberar o voo, por favor, entre em contato que ser\u00e1 um prazer resolver o problema.<\/p>\n\n\n\n<p class=\"has-vivid-cyan-blue-color has-text-color\">Pe\u00e7o um pouco de paci\u00eancia e creio que no dia 01 de mar\u00e7o j\u00e1 esteja funcionando o mapeamento e quem quiser mandar mais colabora\u00e7\u00f5es, fique a vontade! E novamente, se puder, colaborando com 1 real j\u00e1 estar\u00e1 ajudando bastante a manter o site no ar. <\/p>\n\n\n\n<p>Obrigado a todos \ud83d\ude42<\/p>\n","protected":false},"excerpt":{"rendered":"<p>Drone Friendly (felizmente) n\u00e3o vai acabar. Bem amigos, Conversando com algumas pessoas que acreditam neste projeto, provavelmente o mapeamento de&hellip;<\/p>\n","protected":false},"author":1,"featured_media":0,"parent":0,"menu_order":0,"comment_status":"closed","ping_status":"closed","template":"","meta":{"googlesitekit_rrm_CAowr_bfCw:productID":"","footnotes":""},"class_list":["post-17","page","type-page","status-publish","hentry"],"_links":{"self":[{"href":"https:\/\/dronefriendly.com.br\/v01\/wp-json\/wp\/v2\/pages\/17","targetHints":{"allow":["GET"]}}],"collection":[{"href":"https:\/\/dronefriendly.com.br\/v01\/wp-json\/wp\/v2\/pages"}],"about":[{"href":"https:\/\/dronefriendly.com.br\/v01\/wp-json\/wp\/v2\/types\/page"}],"author":[{"embeddable":true,"href":"https:\/\/dronefriendly.com.br\/v01\/wp-json\/wp\/v2\/users\/1"}],"replies":[{"embeddable":true,"href":"https:\/\/dronefriendly.com.br\/v01\/wp-json\/wp\/v2\/comments?post=17"}],"version-history":[{"count":116,"href":"https:\/\/dronefriendly.com.br\/v01\/wp-json\/wp\/v2\/pages\/17\/revisions"}],"predecessor-version":[{"id":7703,"href":"https:\/\/dronefriendly.com.br\/v01\/wp-json\/wp\/v2\/pages\/17\/revisions\/7703"}],"wp:attachment":[{"href":"https:\/\/dronefriendly.com.br\/v01\/wp-json\/wp\/v2\/media?parent=17"}],"curies":[{"name":"wp","href":"https:\/\/api.w.org\/{rel}","templated":true}]}}