{"id":18,"date":"2019-01-24T02:45:51","date_gmt":"2019-01-24T02:45:51","guid":{"rendered":"http:\/\/dronefriendly.com.br\/v01\/?page_id=18"},"modified":"2026-04-18T15:53:08","modified_gmt":"2026-04-18T18:53:08","slug":"sobre","status":"publish","type":"page","link":"https:\/\/dronefriendly.com.br\/v01\/sobre\/","title":{"rendered":"Sobre"},"content":{"rendered":"\n<figure class=\"wp-block-image\"><img loading=\"lazy\" decoding=\"async\" width=\"1024\" height=\"576\" src=\"https:\/\/dronefriendly.com.br\/v01\/wp-content\/uploads\/2019\/01\/DJI_0088-1-1024x576.jpg\" alt=\"\" class=\"wp-image-58\" srcset=\"https:\/\/dronefriendly.com.br\/v01\/wp-content\/uploads\/2019\/01\/DJI_0088-1-1024x576.jpg 1024w, https:\/\/dronefriendly.com.br\/v01\/wp-content\/uploads\/2019\/01\/DJI_0088-1-600x337.jpg 600w, https:\/\/dronefriendly.com.br\/v01\/wp-content\/uploads\/2019\/01\/DJI_0088-1-300x169.jpg 300w, https:\/\/dronefriendly.com.br\/v01\/wp-content\/uploads\/2019\/01\/DJI_0088-1-768x432.jpg 768w, https:\/\/dronefriendly.com.br\/v01\/wp-content\/uploads\/2019\/01\/DJI_0088-1-scaled-1200x675-cropped.jpg 1200w\" sizes=\"auto, (max-width: 1024px) 100vw, 1024px\" \/><figcaption class=\"wp-element-caption\">Est\u00e1dio do Pacaembu<\/figcaption><\/figure>\n\n\n\n<p>A ideia desse Guia se deu no meio de um bate papo na Pra\u00e7a Charles Miller, em S\u00e3o Paulo. Nesse lugar, at\u00e9 hoje trocam-se ideias, experi\u00eancias e durante a semana pelas redes sociais quando d\u00e1 tempo (sempre d\u00e1), o pessoal vai colocando as conversas em dia e tamb\u00e9m, claro, combinar algum local para no final de semana ou quando aparece uma folga, fazer alguns voos, sejam solo ou em grupo.<\/p>\n\n\n\n<p>Foram tantos lugares legais, tantos FPV bacanas, tantas paisagens, e algumas surpresas que resolvemos reunir em um site esses pontos para mais gente apaixonada pelo hobby conhecer, e ao mesmo tempo aprender mais sobre esses equipamentos, sua tecnologia, a legisla\u00e7\u00e3o e mostrar que \u00e9 poss\u00edvel o voo respons\u00e1vel. <\/p>\n\n\n\n<p>Esperamos que aproveite bastante esse Guia e quando, ou se puder, <a href=\"https:\/\/dronefriendly.com.br\/v01\/local\/\">colabore<\/a>, entrando em contato com a gente para juntos fazermos desse local um ponto de encontro, e quem sabe uma refer\u00eancia, ajudando quem precisa encontrar locais sejam para voar, para achar onde comprar, fazer manuten\u00e7\u00e3o ou se oferecem cursos, tanto para quem est\u00e1 come\u00e7ando ou para quem deseja se aperfei\u00e7oar, e quem sabe, se profissionalizar, pois o mercado vem crescendo e as oportunidades tamb\u00e9m.<\/p>\n\n\n\n<p>Um abra\u00e7o e apare\u00e7a sempre. A casa \u00e9 de voc\u00eas!   <\/p>\n\n\n\n<p>.<\/p>\n\n\n\n<p><\/p>\n\n\n\n<p>PIX (11) 999145491<\/p>\n","protected":false},"excerpt":{"rendered":"<p>A ideia desse Guia se deu no meio de um bate papo na Pra\u00e7a Charles Miller, em S\u00e3o Paulo. Nesse&hellip;<\/p>\n","protected":false},"author":1,"featured_media":0,"parent":0,"menu_order":0,"comment_status":"closed","ping_status":"closed","template":"","meta":{"googlesitekit_rrm_CAowr_bfCw:productID":"","footnotes":""},"class_list":["post-18","page","type-page","status-publish","hentry"],"_links":{"self":[{"href":"https:\/\/dronefriendly.com.br\/v01\/wp-json\/wp\/v2\/pages\/18","targetHints":{"allow":["GET"]}}],"collection":[{"href":"https:\/\/dronefriendly.com.br\/v01\/wp-json\/wp\/v2\/pages"}],"about":[{"href":"https:\/\/dronefriendly.com.br\/v01\/wp-json\/wp\/v2\/types\/page"}],"author":[{"embeddable":true,"href":"https:\/\/dronefriendly.com.br\/v01\/wp-json\/wp\/v2\/users\/1"}],"replies":[{"embeddable":true,"href":"https:\/\/dronefriendly.com.br\/v01\/wp-json\/wp\/v2\/comments?post=18"}],"version-history":[{"count":42,"href":"https:\/\/dronefriendly.com.br\/v01\/wp-json\/wp\/v2\/pages\/18\/revisions"}],"predecessor-version":[{"id":10128,"href":"https:\/\/dronefriendly.com.br\/v01\/wp-json\/wp\/v2\/pages\/18\/revisions\/10128"}],"wp:attachment":[{"href":"https:\/\/dronefriendly.com.br\/v01\/wp-json\/wp\/v2\/media?parent=18"}],"curies":[{"name":"wp","href":"https:\/\/api.w.org\/{rel}","templated":true}]}}