{"id":637,"date":"2019-03-10T17:16:36","date_gmt":"2019-03-10T19:16:36","guid":{"rendered":"https:\/\/dronefriendly.com.br\/v01\/?page_id=637"},"modified":"2019-04-01T13:52:45","modified_gmt":"2019-04-01T16:52:45","slug":"local","status":"publish","type":"page","link":"https:\/\/dronefriendly.com.br\/v01\/local\/","title":{"rendered":"Sugest\u00e3o de local para voar"},"content":{"rendered":"\n<h4 class=\"wp-block-heading\">Gostou do local que por l\u00e1 voou ou que frequenta? Quer mostrar para mais pessoas pois vale a pena? O que acha da gente divulgar seus canais, com imagens, v\u00eddeos e perip\u00e9cias suas? Ent\u00e3o aqui \u00e9 o lugar!<\/h4>\n\n\n\n\n<div class=\"wpcf7 no-js\" id=\"wpcf7-f640-o1\" lang=\"pt-BR\" dir=\"ltr\" data-wpcf7-id=\"640\">\n<div class=\"screen-reader-response\"><p role=\"status\" aria-live=\"polite\" aria-atomic=\"true\"><\/p> <ul><\/ul><\/div>\n<form action=\"\/v01\/wp-json\/wp\/v2\/pages\/637#wpcf7-f640-o1\" method=\"post\" class=\"wpcf7-form init\" aria-label=\"Formul\u00e1rios de contato\" enctype=\"multipart\/form-data\" novalidate=\"novalidate\" data-status=\"init\">\n<fieldset class=\"hidden-fields-container\"><input type=\"hidden\" name=\"_wpcf7\" value=\"640\" \/><input type=\"hidden\" name=\"_wpcf7_version\" value=\"6.1.5\" \/><input type=\"hidden\" name=\"_wpcf7_locale\" value=\"pt_BR\" \/><input type=\"hidden\" name=\"_wpcf7_unit_tag\" value=\"wpcf7-f640-o1\" \/><input type=\"hidden\" name=\"_wpcf7_container_post\" value=\"0\" \/><input type=\"hidden\" name=\"_wpcf7_posted_data_hash\" value=\"\" \/>\n<\/fieldset>\n<p>Seu nome<br \/>\n<span class=\"wpcf7-form-control-wrap\" data-name=\"text-854\"><input size=\"40\" maxlength=\"400\" class=\"wpcf7-form-control wpcf7-text wpcf7-validates-as-required\" aria-required=\"true\" aria-invalid=\"false\" value=\"\" type=\"text\" name=\"text-854\" \/><\/span>\n<\/p>\n<p>Seu e-mail<br \/>\n<span class=\"wpcf7-form-control-wrap\" data-name=\"email-839\"><input size=\"40\" maxlength=\"400\" class=\"wpcf7-form-control wpcf7-email wpcf7-validates-as-required wpcf7-text wpcf7-validates-as-email\" aria-required=\"true\" aria-invalid=\"false\" value=\"\" type=\"email\" name=\"email-839\" \/><\/span>\n<\/p>\n<p>Telefone (com DDD)<br \/>\n<span class=\"wpcf7-form-control-wrap\" data-name=\"text-772\"><input size=\"40\" maxlength=\"400\" class=\"wpcf7-form-control wpcf7-text\" aria-invalid=\"false\" value=\"\" type=\"text\" name=\"text-772\" \/><\/span>\n<\/p>\n<p>Podemos contatar voc\u00ea caso tenhamos algumas d\u00favidas por:<br \/>\n<span class=\"wpcf7-form-control-wrap\" data-name=\"checkbox-390\"><span class=\"wpcf7-form-control wpcf7-checkbox\"><span class=\"wpcf7-list-item first\"><input type=\"checkbox\" name=\"checkbox-390[]\" value=\"E-Mail\" \/><span class=\"wpcf7-list-item-label\">E-Mail<\/span><\/span><span class=\"wpcf7-list-item last\"><input type=\"checkbox\" name=\"checkbox-390[]\" value=\"WhatsApp\" \/><span class=\"wpcf7-list-item-label\">WhatsApp<\/span><\/span><\/span><\/span>\n<\/p>\n<p>Nome do Local (ex. S\u00edtio da Capivara)<br \/>\n<span class=\"wpcf7-form-control-wrap\" data-name=\"text-266\"><input size=\"40\" maxlength=\"400\" class=\"wpcf7-form-control wpcf7-text wpcf7-validates-as-required\" aria-required=\"true\" aria-invalid=\"false\" value=\"\" type=\"text\" name=\"text-266\" \/><\/span>\n<\/p>\n<p>Cidade e UF (ex. Belo Horizonte-MG)<br \/>\n<span class=\"wpcf7-form-control-wrap\" data-name=\"text-267\"><input size=\"40\" maxlength=\"400\" class=\"wpcf7-form-control wpcf7-text wpcf7-validates-as-required\" aria-required=\"true\" aria-invalid=\"false\" value=\"\" type=\"text\" name=\"text-267\" \/><\/span>\n<\/p>\n<p>Qual o n\u00edvel \"friendly\" que voc\u00ea considera esse local?<br \/>\n<span class=\"wpcf7-form-control-wrap\" data-name=\"menu-395\"><select class=\"wpcf7-form-control wpcf7-select wpcf7-validates-as-required\" aria-required=\"true\" aria-invalid=\"false\" name=\"menu-395\"><option value=\"100% - \u00c9 s\u00f3 chegar e voar\">100% - \u00c9 s\u00f3 chegar e voar<\/option><option value=\"75% - \u00c0s vezes fica fechado ou interditado\">75% - \u00c0s vezes fica fechado ou interditado<\/option><option value=\"50% - Precisa solicitar autoriza\u00e7\u00e3o do respons\u00e1vel pelo local\">50% - Precisa solicitar autoriza\u00e7\u00e3o do respons\u00e1vel pelo local<\/option><option value=\"25% - \u00c9 um local provis\u00f3rio, necess\u00e1rio confirmar\">25% - \u00c9 um local provis\u00f3rio, necess\u00e1rio confirmar<\/option><\/select><\/span>\n<\/p>\n<p>Descreva sobre o Local (Em poucas palavras diga como \u00e9 o lugar, se \u00e9 praia, campo, estacionamento, quem frequenta, como \u00e9 a estrutura, se \u00e9 tranquilo, precisa autoriza\u00e7\u00e3o...)<br \/>\n<span class=\"wpcf7-form-control-wrap\" data-name=\"textarea-85\"><textarea cols=\"40\" rows=\"10\" maxlength=\"2000\" class=\"wpcf7-form-control wpcf7-textarea wpcf7-validates-as-required\" aria-required=\"true\" aria-invalid=\"false\" name=\"textarea-85\"><\/textarea><\/span>\n<\/p>\n<p>Foto do Local 1 (M\u00e1x. 2MB, tipo jpg)<br \/>\n<span class=\"wpcf7-form-control-wrap\" data-name=\"file-901\"><input size=\"40\" class=\"wpcf7-form-control wpcf7-file wpcf7-validates-as-required\" accept=\".jpg,.jpeg\" aria-required=\"true\" aria-invalid=\"false\" type=\"file\" name=\"file-901\" \/><\/span>\n<\/p>\n<p>Foto do Local 2 (M\u00e1x. 2MB, tipo jpg)<br \/>\n<span class=\"wpcf7-form-control-wrap\" data-name=\"file-902\"><input size=\"40\" class=\"wpcf7-form-control wpcf7-file\" accept=\".jpg,.jpeg\" aria-invalid=\"false\" type=\"file\" name=\"file-902\" \/><\/span>\n<\/p>\n<p>Foto do Local 3 (M\u00e1x. 2MB, tipo jpg)<br \/>\n<span class=\"wpcf7-form-control-wrap\" data-name=\"file-903\"><input size=\"40\" class=\"wpcf7-form-control wpcf7-file\" accept=\".jpg,.jpeg\" aria-invalid=\"false\" type=\"file\" name=\"file-903\" \/><\/span>\n<\/p>\n<p>Localiza\u00e7\u00e3o (Isso ajuda bastante!)<br \/>\nLatitude e longitude para o SARPAS (ex. -23.545261, -46.470542)<br \/>\n<span class=\"wpcf7-form-control-wrap\" data-name=\"text-346\"><input size=\"40\" maxlength=\"400\" class=\"wpcf7-form-control wpcf7-text wpcf7-validates-as-required\" aria-required=\"true\" aria-invalid=\"false\" value=\"\" type=\"text\" name=\"text-346\" \/><\/span>\n<\/p>\n<p>Endere\u00e7o (Se n\u00e3o consegue pegar a localiza\u00e7\u00e3o, coloque o endere\u00e7o que tentaremos localizar)<br \/>\n<span class=\"wpcf7-form-control-wrap\" data-name=\"text-609\"><input size=\"40\" maxlength=\"400\" class=\"wpcf7-form-control wpcf7-text\" aria-invalid=\"false\" value=\"\" type=\"text\" name=\"text-609\" \/><\/span>\n<\/p>\n<p>Observa\u00e7\u00f5es (Fale sobre voc\u00ea, se voa por hobby, profissionalmente ou os dois, se tem algum canal de contato, fotos ou v\u00eddeo, enfim, aproveite! Esse espa\u00e7o \u00e9 seu:<br \/>\n<span class=\"wpcf7-form-control-wrap\" data-name=\"textarea-623\"><textarea cols=\"40\" rows=\"10\" maxlength=\"2000\" class=\"wpcf7-form-control wpcf7-textarea\" aria-invalid=\"false\" name=\"textarea-623\"><\/textarea><\/span>\n<\/p>\n<p>Declara que est\u00e1 ciente e de acordo com os termos de uso* do site?<br \/>\n<span class=\"wpcf7-form-control-wrap\" data-name=\"radio-910\"><span class=\"wpcf7-form-control wpcf7-radio\"><span class=\"wpcf7-list-item first\"><span class=\"wpcf7-list-item-label\">Sim<\/span><input type=\"radio\" name=\"radio-910\" value=\"Sim\" checked=\"checked\" \/><\/span><span class=\"wpcf7-list-item last\"><span class=\"wpcf7-list-item-label\">N\u00e3o<\/span><input type=\"radio\" name=\"radio-910\" value=\"N\u00e3o\" \/><\/span><\/span><\/span>\n<\/p>\n<p><span class=\"wpcf7-form-control-wrap kc_captcha\" data-name=\"kc_captcha\"><span class=\"wpcf7-form-control wpcf7-radio\"><span class=\"captcha-image\" ><span class=\"cf7ic_instructions\">Please prove you are human by selecting the<span> tree<\/span>.<\/span><label><input aria-label=\"1\" type=\"radio\" name=\"kc_captcha\" value=\"bot\" \/><svg aria-hidden=\"true\" role=\"img\" xmlns=\"http:\/\/www.w3.org\/2000\/svg\" viewBox=\"0 0 512 512\"><path fill=\"currentColor\" d=\"M350 99c-54 0-98-35-166-35-25 0-47 4-68 12a56 56 0 004-24C118 24 95 1 66 0a56 56 0 00-34 102v386c0 13 11 24 24 24h16c13 0 24-11 24-24v-94c28-12 64-23 114-23 54 0 98 35 166 35 48 0 86-16 122-41 9-6 14-15 14-26V96c0-23-24-39-45-29-35 16-77 32-117 32z\"\/><\/svg><\/label><label><input aria-label=\"2\" type=\"radio\" name=\"kc_captcha\" value=\"bot\" \/><svg aria-hidden=\"true\" role=\"img\" xmlns=\"http:\/\/www.w3.org\/2000\/svg\" viewBox=\"0 0 512 512\"><path fill=\"currentColor\" d=\"M512 176a176 176 0 01-209 173l-24 27a24 24 0 01-18 8h-37v40c0 13-11 24-24 24h-40v40c0 13-11 24-24 24H24c-13 0-24-11-24-24v-78c0-6 3-13 7-17l162-162a176 176 0 11343-55zm-176-48a48 48 0 1096 0 48 48 0 00-96 0z\"\/><\/svg><\/label><label><input aria-label=\"3\" type=\"radio\" name=\"kc_captcha\" value=\"kc_human\" \/><svg aria-hidden=\"true\" role=\"img\" xmlns=\"http:\/\/www.w3.org\/2000\/svg\" viewBox=\"0 0 384 512\"><path fill=\"currentColor\" d=\"M377 375l-83-87h34c21 0 32-25 17-40l-82-88h33c21 0 32-25 18-40L210 8c-10-11-26-11-36 0L70 120c-14 15-3 40 18 40h33l-82 88c-15 15-4 40 17 40h34L7 375c-15 16-4 41 17 41h120c0 33-11 49-34 68-12 9-5 28 10 28h144c15 0 22-19 10-28-20-16-34-32-34-68h120c21 0 32-25 17-41z\"\/><\/svg><\/label>\r\n    <\/span>\r\n    <span style=\"display:none\">\r\n        <input type=\"text\" name=\"kc_honeypot\">\r\n    <\/span><\/span><\/span>\n<\/p>\n<p><input class=\"wpcf7-form-control wpcf7-submit has-spinner\" type=\"submit\" value=\"Enviar\" \/>\n<\/p><div class=\"wpcf7-response-output\" aria-hidden=\"true\"><\/div>\n<\/form>\n<\/div>\n\n","protected":false},"excerpt":{"rendered":"<p>Gostou do local que por l\u00e1 voou ou que frequenta? Quer mostrar para mais pessoas pois vale a pena? O&hellip;<\/p>\n","protected":false},"author":1,"featured_media":0,"parent":0,"menu_order":0,"comment_status":"closed","ping_status":"closed","template":"","meta":{"googlesitekit_rrm_CAowr_bfCw:productID":"","footnotes":""},"class_list":["post-637","page","type-page","status-publish","hentry"],"_links":{"self":[{"href":"https:\/\/dronefriendly.com.br\/v01\/wp-json\/wp\/v2\/pages\/637","targetHints":{"allow":["GET"]}}],"collection":[{"href":"https:\/\/dronefriendly.com.br\/v01\/wp-json\/wp\/v2\/pages"}],"about":[{"href":"https:\/\/dronefriendly.com.br\/v01\/wp-json\/wp\/v2\/types\/page"}],"author":[{"embeddable":true,"href":"https:\/\/dronefriendly.com.br\/v01\/wp-json\/wp\/v2\/users\/1"}],"replies":[{"embeddable":true,"href":"https:\/\/dronefriendly.com.br\/v01\/wp-json\/wp\/v2\/comments?post=637"}],"version-history":[{"count":22,"href":"https:\/\/dronefriendly.com.br\/v01\/wp-json\/wp\/v2\/pages\/637\/revisions"}],"predecessor-version":[{"id":807,"href":"https:\/\/dronefriendly.com.br\/v01\/wp-json\/wp\/v2\/pages\/637\/revisions\/807"}],"wp:attachment":[{"href":"https:\/\/dronefriendly.com.br\/v01\/wp-json\/wp\/v2\/media?parent=637"}],"curies":[{"name":"wp","href":"https:\/\/api.w.org\/{rel}","templated":true}]}}