{"id":90,"date":"2019-01-29T01:00:11","date_gmt":"2019-01-29T03:00:11","guid":{"rendered":"http:\/\/dronefriendly.com.br\/v01\/?page_id=90"},"modified":"2020-10-08T15:21:59","modified_gmt":"2020-10-08T18:21:59","slug":"termos-de-uso","status":"publish","type":"page","link":"https:\/\/dronefriendly.com.br\/v01\/termos-de-uso\/","title":{"rendered":"Termos de Uso"},"content":{"rendered":"\n<p>Os Guia <strong>Drone Friendly<\/strong> \u00e9 uma plataforma colaborativa que tem por objetivo centralizar informa\u00e7\u00f5es de locais para voar e\/ou captar imagens a\u00e9reas apenas <strong>para fins recreativos ou de hobby<\/strong>. Vale destacar que o ato de informar sobre esse local \u00e9 de car\u00e1ter volunt\u00e1rio, n\u00e3o an\u00f4nimo e seu conte\u00fado assim como suas imagens ser\u00e3o cedidas para o Guia Drone Friendly, que se compromete em n\u00e3o us\u00e1-las para outro fim que n\u00e3o seja a divulga\u00e7\u00e3o do local dentro deste site, pela plataforma de mapeamento e pelas suas redes sociais Instagram e Facebook. O(s) autor(es) ou  colaborador(es) desse Guia n\u00e3o pode(m) ser responsabilizado(s) por quaisquer danos, sejam eles morais ou materiais, principalmente com rela\u00e7\u00e3o \u00e0 alguma restri\u00e7\u00e3o, proibi\u00e7\u00e3o ou seguran\u00e7a do local, este \u00faltimo, justificado pela impossibilidade de nos dias de hoje prever se apesar de n\u00e3o ter hist\u00f3rico de incidentes, \u00e9 seguro ou n\u00e3o, e diante dessas situa\u00e7\u00f5es aconselhamos sempre que poss\u00edvel n\u00e3o v\u00e1 sozinho, tente se informar com moradores ou frequentadores do local e da regi\u00e3o e caso perceber algo suspeito e que n\u00e3o se sinta seguro em voar naquele local, n\u00e3o voe, fale  conosco, que entraremos em contato com o autor e dependendo da situa\u00e7\u00e3o, removeremos o local do mapa. <\/p>\n\n\n\n<p>Acreditamos que a maioria dos pilotos tem o conhecimento das regras para voo recreativo, mas n\u00e3o custa mais uma vez lembrar que todo drone acima de 250g deve  ter registro na ANATEL , ser cadastrado na ANAC assim como seu piloto e sempre informar o voo junto ao DECEA  (sistema SARPAS) pois a maioria desses locais necessita dessa solicita\u00e7\u00e3o, excetuando os locais previamente homologados para pr\u00e1tica de aeromodelismo, em ambientes confinados ou e em locais que propicia o tipo de voo, estes \u00faltimos, necessitam de anuidade de seus respons\u00e1veis e\/ou administradores, conforme regulamenta\u00e7\u00e3o do DECEA, &#8220;AERONAVES REMOTAMENTE PILOTADAS PARA USO RECREATIVO AEROMODELOS&#8221;. <br><strong>Importante<\/strong>: Se n\u00e3o conseguir informar o voo, seja por alguma restri\u00e7\u00e3o do SARPAS, problemas no cadastro, ou mesmo falhas na internet ou site fora do ar, <strong>n\u00e3o voe<\/strong>! <br>Sobre o Blog: A maioria dos posts do Blog s\u00e3o oriundos de outras fontes alguns textos, como novidades e rumores de fabricantes s\u00e3o oriundos de diversas fontes, como chat, f\u00f3runs de discuss\u00e3o, blogs e redes sociais a t\u00edtulo informativo e que n\u00e3o podemos ser responsabilizados pelo seu conte\u00fado . Not\u00edcias e artigos \u00fanicos de canais da internet poder\u00e3o por quest\u00e3o de espa\u00e7o ter seus conte\u00fados resumidos, mas mantendo sempre o contexto, onde ser\u00e3o exibidos com seus devidos cr\u00e9ditos e fonte de refer\u00eancia. O autor do texto ou mat\u00e9ria original tem o direito de requerer sua remo\u00e7\u00e3o, o que ser\u00e1 feito por n\u00f3s prioritariamente. <br>O conte\u00fado deste Site est\u00e1 protegido pela Lei  n\u00ba 9.610\/98 que trata sobre o direito autoral e a propriedade intelectual. As ferramentas utilizadas s\u00e3o gratuitas, por\u00e9m, o conte\u00fado redigido, ilustrado e apresentados s\u00e3o protegidos por essa Lei, sendo vedada a sua reprodu\u00e7\u00e3o total ou parcial sem o nosso consentimento por escrito.  <\/p>\n\n\n\n<blockquote class=\"wp-block-quote is-layout-flow wp-block-quote-is-layout-flow\"><p><em><strong>Importante<\/strong>: <\/em> <em>N\u00e3o possu\u00edmos v\u00ednculo comercial com nenhuma empresa ou entidade e caso seja explorado algum espa\u00e7o desse site, o produto ou servi\u00e7o oferecido nesse informe publicit\u00e1rio \u00e9 de inteira responsabilidade de seu solicitante ou representante legal.  Todas as empresas, marcas pessoais ou corporativas acompanhados ou n\u00e3o de seus respectivos logotipos s\u00e3o de posse de seus respectivos propriet\u00e1rios. Eles s\u00e3o exibidos nesse website com a finalidade apenas de refer\u00eancia informativa. Caso haja algum impedimento, seja legal ou pessoal proibitivo para a sua exibi\u00e7\u00e3o solicitamos entrar em contato conosco para tomarmos as medidas que se fa\u00e7am necess\u00e1rias. <\/em><\/p><p><\/p><\/blockquote>\n\n\n\n<p>Release v01 &#8211; Mar\u00e7o 2019<br><\/p>\n","protected":false},"excerpt":{"rendered":"<p>Os Guia Drone Friendly \u00e9 uma plataforma colaborativa que tem por objetivo centralizar informa\u00e7\u00f5es de locais para voar e\/ou captar&hellip;<\/p>\n","protected":false},"author":1,"featured_media":56,"parent":0,"menu_order":0,"comment_status":"closed","ping_status":"closed","template":"","meta":{"footnotes":""},"class_list":["post-90","page","type-page","status-publish","has-post-thumbnail","hentry"],"_links":{"self":[{"href":"https:\/\/dronefriendly.com.br\/v01\/wp-json\/wp\/v2\/pages\/90","targetHints":{"allow":["GET"]}}],"collection":[{"href":"https:\/\/dronefriendly.com.br\/v01\/wp-json\/wp\/v2\/pages"}],"about":[{"href":"https:\/\/dronefriendly.com.br\/v01\/wp-json\/wp\/v2\/types\/page"}],"author":[{"embeddable":true,"href":"https:\/\/dronefriendly.com.br\/v01\/wp-json\/wp\/v2\/users\/1"}],"replies":[{"embeddable":true,"href":"https:\/\/dronefriendly.com.br\/v01\/wp-json\/wp\/v2\/comments?post=90"}],"version-history":[{"count":26,"href":"https:\/\/dronefriendly.com.br\/v01\/wp-json\/wp\/v2\/pages\/90\/revisions"}],"predecessor-version":[{"id":5814,"href":"https:\/\/dronefriendly.com.br\/v01\/wp-json\/wp\/v2\/pages\/90\/revisions\/5814"}],"wp:featuredmedia":[{"embeddable":true,"href":"https:\/\/dronefriendly.com.br\/v01\/wp-json\/wp\/v2\/media\/56"}],"wp:attachment":[{"href":"https:\/\/dronefriendly.com.br\/v01\/wp-json\/wp\/v2\/media?parent=90"}],"curies":[{"name":"wp","href":"https:\/\/api.w.org\/{rel}","templated":true}]}}